{"id":68,"date":"2019-12-17T13:23:10","date_gmt":"2019-12-17T13:23:10","guid":{"rendered":"https:\/\/ccphotography.ch\/home\/?page_id=68"},"modified":"2019-12-19T14:57:21","modified_gmt":"2019-12-19T14:57:21","slug":"informationen","status":"publish","type":"page","link":"https:\/\/ccphotography.ch\/home\/informationen\/","title":{"rendered":"Informationen"},"content":{"rendered":"<p>[et_pb_section fb_built=&#8221;1&#8243; fullwidth=&#8221;on&#8221; _builder_version=&#8221;4.0.9&#8243;][et_pb_fullwidth_menu menu_style=&#8221;centered&#8221; submenu_direction=&#8221;downwards&#8221; fullwidth_menu=&#8221;on&#8221; dropdown_menu_bg_color=&#8221;#ffffff&#8221; dropdown_menu_line_color=&#8221;#e8d1d9&#8243; dropdown_menu_text_color=&#8221;#000000&#8243; dropdown_menu_active_link_color=&#8221;#000000&#8243; mobile_menu_bg_color=&#8221;#ffffff&#8221; mobile_menu_text_color=&#8221;#000000&#8243; logo=&#8221;https:\/\/ccphotography.ch\/home\/wp-content\/uploads\/2019\/12\/Logo_ccphotography.png&#8221; show_search_icon=&#8221;on&#8221; cart_icon_color=&#8221;#000000&#8243; search_icon_color=&#8221;#000000&#8243; menu_icon_color=&#8221;#000000&#8243; _builder_version=&#8221;4.0.9&#8243; menu_font=&#8221;Lato|300||on|||||&#8221; menu_text_color=&#8221;#000000&#8243; menu_font_size=&#8221;16px&#8221; menu_letter_spacing=&#8221;1px&#8221; custom_margin=&#8221;30px||||false|false&#8221;][\/et_pb_fullwidth_menu][\/et_pb_section][et_pb_section fb_built=&#8221;1&#8243; _builder_version=&#8221;4.0.9&#8243;][et_pb_row _builder_version=&#8221;4.0.9&#8243; custom_margin=&#8221;-15px|auto||auto||&#8221;][et_pb_column type=&#8221;4_4&#8243; _builder_version=&#8221;4.0.9&#8243;][et_pb_divider color=&#8221;#e2bcc3&#8243; _builder_version=&#8221;4.0.9&#8243;][\/et_pb_divider][et_pb_cta title=&#8221;Informationen&#8221; button_url=&#8221;https:\/\/ccphotography.ch\/home\/preise\/&#8221; button_text=&#8221;zu den preisen&#8221; _builder_version=&#8221;4.0.9&#8243; header_font=&#8221;Playfair Display||||||||&#8221; header_font_size=&#8221;44px&#8221; header_line_height=&#8221;1.5em&#8221; body_font=&#8221;Lato|300|||||||&#8221; body_font_size=&#8221;17px&#8221; body_line_height=&#8221;2em&#8221; use_background_color=&#8221;off&#8221; custom_button=&#8221;on&#8221; button_text_size=&#8221;17px&#8221; button_text_color=&#8221;#ffffff&#8221; button_bg_color=&#8221;#e8d1d9&#8243; button_border_width=&#8221;0px&#8221; button_border_color=&#8221;#e8d1d9&#8243; button_border_radius=&#8221;0px&#8221; button_letter_spacing=&#8221;2px&#8221; button_font=&#8221;Lato|||on|||||&#8221; button_use_icon=&#8221;off&#8221; background_layout=&#8221;light&#8221; custom_margin=&#8221;-3px|||||&#8221; header_font_size_tablet=&#8221;&#8221; header_font_size_phone=&#8221;34px&#8221; header_font_size_last_edited=&#8221;on|phone&#8221; button_text_color_hover=&#8221;#ffffff&#8221; button_border_color_hover=&#8221;#ff9e59&#8243; button_bg_color_hover=&#8221;#ff9e59&#8243; button_text_size__hover_enabled=&#8221;off&#8221; button_one_text_size__hover_enabled=&#8221;off&#8221; button_two_text_size__hover_enabled=&#8221;off&#8221; button_text_color__hover_enabled=&#8221;on|hover&#8221; button_text_color__hover=&#8221;#ffffff&#8221; button_one_text_color__hover_enabled=&#8221;off&#8221; button_two_text_color__hover_enabled=&#8221;off&#8221; button_border_width__hover_enabled=&#8221;off&#8221; button_one_border_width__hover_enabled=&#8221;off&#8221; button_two_border_width__hover_enabled=&#8221;off&#8221; button_border_color__hover_enabled=&#8221;on&#8221; button_border_color__hover=&#8221;#ff9e59&#8243; button_one_border_color__hover_enabled=&#8221;off&#8221; button_two_border_color__hover_enabled=&#8221;off&#8221; button_border_radius__hover_enabled=&#8221;off&#8221; button_one_border_radius__hover_enabled=&#8221;off&#8221; button_two_border_radius__hover_enabled=&#8221;off&#8221; button_letter_spacing__hover_enabled=&#8221;off&#8221; button_one_letter_spacing__hover_enabled=&#8221;off&#8221; button_two_letter_spacing__hover_enabled=&#8221;off&#8221; button_bg_color__hover_enabled=&#8221;on|desktop&#8221; button_bg_color__hover=&#8221;rgba(232,192,203,0.53)&#8221; button_one_bg_color__hover_enabled=&#8221;off&#8221; button_two_bg_color__hover_enabled=&#8221;off&#8221; button_bg_enable_color__hover=&#8221;on&#8221;]<\/p>\n<p><span>Unsere Fotoshootings sind sehr individuell und werden den jeweiligen W\u00fcnschen angepasst.<br \/> Wir freuen uns auf jedes einzelne Shooting!!<\/span><\/p>\n<p>[\/et_pb_cta][et_pb_accordion _builder_version=&#8221;4.0.9&#8243;][et_pb_accordion_item title=&#8221;KINDER- UND FAMILIENBILDER &#8221; open=&#8221;on&#8221; _builder_version=&#8221;4.0.9&#8243;]<\/p>\n<div class=\"Preview_row__3Fkye row\">\n<div data-id=\"2AEA766E-D0B7-42E4-87C6-270AAF988E7D\" data-kind=\"TEXT\" class=\"Preview_componentWrapper__2i4QI\">\n<div data-id=\"2AEA766E-D0B7-42E4-87C6-270AAF988E7D\" data-kind=\"Component\" data-specific-kind=\"TEXT\" class=\" Preview_component__SbiKo \">\n<div class=\"textnormal styles_text__3jGMu\">\n<p class=\"\">Damit ein\u00a0 Shooting mit Kindern gelingt ist erst mal wichtig, dass sich die Kleinen bei uns wohl f\u00fchlen. Deshalb ist es gut wenn eine Vertrauensperson mit dabei ist.<\/p>\n<p class=\"\">\n<\/div>\n<\/div>\n<\/div>\n<\/div>\n<div class=\"Preview_row__3Fkye row\">\n<div data-id=\"4B91CFEF-F01B-450A-8CA2-EF4F3E1E9E05\" data-kind=\"TEXT\" class=\"Preview_componentWrapper__2i4QI\">\n<div data-id=\"4B91CFEF-F01B-450A-8CA2-EF4F3E1E9E05\" data-kind=\"Component\" data-specific-kind=\"TEXT\" class=\" Preview_component__SbiKo \">\n<div class=\"textnormal styles_text__3jGMu\">\n<p class=\"\"><span>Wichtig ist es, dass Kinder nicht mit Hunger an ein Shooting kommen. W\u00e4hlt die Zeit f\u00fcr einen Termin bei uns so, dass die Kinder in Ruhe noch was essen k\u00f6nnen und ggf. einen Mittagsschlaf (falls sie dies noch machen) m\u00f6glich ist. Manche Kinder sind eher am Morgen zu begeistern, andere erst Abends. Wir sind da sehr flexibel mit Terminen.<\/span><\/p>\n<p class=\"p1\">Es hilft oft auch, wenn das Kind sein Lieblingsspielzeug oder Kuscheltier mit aufs Foto nehmen darf. Kleine &#8220;Bestechungen&#8221; wie Gummib\u00e4rli oder Sch\u00f6ggeli sind bei uns nat\u00fcrlich vorhanden \ud83d\ude09<\/p>\n<p class=\"p1\">Bei einem grossen Shooting d\u00fcrft ihr die Kinder gerne auch umziehen. Nehmt doch eure Lieblingskleider mit. Wir haben ebenfalls eine\u00a0 Auswahl an R\u00f6ckli und Accessoires (auch f\u00fcr Jungs). Manchmal f\u00fchlen sich Kinder aber in den eigenen Kleider wohler. Also keine Scheu einen Koffer mit Kleider mitzubringen. Wir k\u00f6nnen dann auch gemeinsam schauen was passt.<\/p>\n<p class=\"p1\">Bei einem MIni-Shooting ist Umziehen nicht inbegriffen. Nat\u00fcrlich d\u00fcrft ihr aber auch dann ein Kleidchen von uns ausw\u00e4hlen.<\/p>\n<p class=\"p1\">Bei Outdoor-Shootings ist die Wahl des Ortes und des Zeitpunkts ausschlaggebend. Zuerst m\u00f6chten wir wissen, was ihr euch vorstellt (am Bach, im Wald, auf der Wiese, beim Bauernhof usw.). Hier sind keine Grenzen gesetzt. Ebenso ist der Tageszeitpunkt wichtig. Morgends oder abends geben ganz andere Stimmungen auf den Fotos. Wir schauen, dass wir m\u00f6glichst Orte w\u00e4hlen, wo wenig Zuschauer sind, damit auch draussen ein Fotoshooting privat bleibt. Ganz verhindern, dass Fussg\u00e4nger mal passieren l\u00e4sst es sich aber nicht. Uns ist wichtig, dass ihr vorg\u00e4ngig mit uns besprecht, was f\u00fcr Vorstellungen ihr habt. So k\u00f6nnen wir auch draussen eure Herzensfotos zaubern. Was ihr zu einem Outdoor Shooting mitbringen sollt ist sehr individuell und besprechen wir gerne mit euch.<\/p>\n<p class=\"p1\">\n<p class=\"p1\">KLEINER TIPP:<br \/> Jeans und weisses Oberteil sieht f\u00fcr Kinder-\/Familienfotos immer sehr sch\u00f6n aus!<\/p>\n<\/div>\n<\/div>\n<div class=\"Preview_float__1PmYU float\">\n<div data-id=\"EDE0B612-FA45-4E31-9AE4-B5020F5DBFF6\" data-kind=\"BACKGROUND\" class=\"Preview_componentWrapper__2i4QI\"><\/div>\n<\/div>\n<\/div>\n<\/div>\n<p>[\/et_pb_accordion_item][et_pb_accordion_item title=&#8221;BABYBAUCH + NEWBORN&#8221; _builder_version=&#8221;4.0.9&#8243; open=&#8221;off&#8221;]<\/p>\n<p class=\"p1\">Ein Babybauch-Shooting empfehlen wir zwischen der 32. und 36. SSW zu machen. Grund daf\u00fcr ist, dass dann der Bauch meist noch sch\u00f6n rund und oben ist. Je n\u00e4her der Geburtstermin r\u00fcckt, desto weiter unten ist der Bauch und manchmal ist es dann auch noch zu stressig f\u00fcr die werdende Mama. Ebenso treten Risse im Bauch oft erst am Ende einer Schwangerschaft auf.<\/p>\n<p class=\"p1\">Achtet wenn m\u00f6glich darauf, dass ihr ca. 2 Stunden vor dem Shooting keine einschn\u00fcrenden Hosen oder BH&#8217;s tr\u00e4gt. Evt den BH auch weglassen bis ihr bei uns seid.<\/p>\n<p class=\"p1\">Mitnehmen solltet ihr in jedem Fall einen dunklen und einen hellen BH falls vorhanden. Immer toll sehen auch Jeans aus z.B. mit offenem Hemd (kann auch das des Partners sein). Wir haben ein paar Schwangerschafts-Kleider f\u00fcr Babybauch Fotos zur Auswahl.<\/p>\n<p class=\"p1\">Ebenso sind Kuscheltierchen, Nuggis, Namensw\u00fcrfel etc. nat\u00fcrlich auch immer ein sch\u00f6ner Blickfang auf den Fotos. Lasst euer Kreativit\u00e4t freien Lauf! Nat\u00fcrlich haben wir euch aber auch sch\u00f6ne Vorschl\u00e4ge.<\/p>\n<p class=\"p2\">NEUGEBORENEN-FOTOS <br \/>gelingen am Besten zwischen dem 4. und 12. Lebenstag. Falls ihr Fotos von eurem Neugeborenen w\u00fcnscht, macht bereits in der Schwangerschaft einen provisorischen Termin ab.<\/p>\n<p class=\"p1\">Wichtig ist es, dass Neugeborene nicht mit Hunger an ein Shooting kommen.<\/p>\n<p>[\/et_pb_accordion_item][et_pb_accordion_item title=&#8221;PORTRAIT \/ AKT&#8221; _builder_version=&#8221;4.0.9&#8243; open=&#8221;off&#8221;]<\/p>\n<p class=\"p1\">Diese Shootings (Akt ab 18 Jahren) finden haupts\u00e4chlich am Abend statt.<\/p>\n<p class=\"p1\">Auch hier ist es empfehlenswert, dass ihr ca. 2 Stunden vor dem Shooting keine einschn\u00fcrende Kleidung tr\u00e4gt. Bei Akt-Fotos ist es von Vorteil keinen BH vor dem Shooting zu tragen, um Abzeichnungen auf der Haut zu vermeiden.<\/p>\n<p class=\"p1\">Macht euch im Vorfeld Gedanken, ob ihr euch selber schminkt oder ihr ein Make-Up und\/oder Hairstyling bei uns buchen wollt. Ebenso sind Vorstellungen was f\u00fcr Bilder ihr gerne m\u00f6chtet nat\u00fcrlich willkommen. Wir beraten euch gerne in Sachen Styling, Make-Up und Posing.<\/p>\n<p class=\"p1\">Bringt zum Shooting eigene Kleider mit (und wenn das ein ganzer Koffer voll ist)&#8230; Wir beginnen immer in einem Outfit in dem ihr euch wohl f\u00fchlt und euch vertraut ist. Bitte keine zu stark gemusterte Kleidung mitbringen.<\/p>\n<p class=\"p1\">Wir haben nat\u00fcrlich eine\u00a0 Auswahl an Highheels, Corsagen, Kleidern, Assessoires in diversen Gr\u00f6ssen.<\/p>\n<p class=\"p1\">\n<p class=\"p1\">Wir sind ein Team bestehend aus aufgestellten Frauen. Bei uns ist die Atmosph\u00e4re immer locker und humorvoll. Ihr k\u00f6nnt euch rundum wohl f\u00fchlen in unserem Studio. Gerne sind nat\u00fcrlich auch Begleitpersonen willkommen. Bitte teilt uns dies vorher mit.<\/p>\n<p>[\/et_pb_accordion_item][\/et_pb_accordion][\/et_pb_column][\/et_pb_row][\/et_pb_section][et_pb_section fb_built=&#8221;1&#8243; _builder_version=&#8221;4.0.9&#8243; background_color=&#8221;rgba(232,209,217,0.34)&#8221; custom_margin=&#8221;-17px|||||&#8221; custom_padding=&#8221;2px||8px|||&#8221;][et_pb_row _builder_version=&#8221;3.25&#8243;][et_pb_column type=&#8221;4_4&#8243; _builder_version=&#8221;3.25&#8243; custom_padding=&#8221;|||&#8221; custom_padding__hover=&#8221;|||&#8221;][et_pb_social_media_follow _builder_version=&#8221;4.0.9&#8243; transform_scale_tablet=&#8221;&#8221; transform_scale_phone=&#8221;&#8221; transform_scale_last_edited=&#8221;on|desktop&#8221; transform_translate_tablet=&#8221;-4px|53px&#8221; transform_translate_phone=&#8221;&#8221; transform_translate_last_edited=&#8221;on|tablet&#8221; transform_rotate_tablet=&#8221;&#8221; transform_rotate_phone=&#8221;&#8221; transform_rotate_last_edited=&#8221;on|desktop&#8221; transform_skew_tablet=&#8221;&#8221; transform_skew_phone=&#8221;&#8221; transform_skew_last_edited=&#8221;on|desktop&#8221; transform_origin_tablet=&#8221;&#8221; transform_origin_phone=&#8221;&#8221; transform_origin_last_edited=&#8221;on|desktop&#8221; transform_styles_last_edited=&#8221;on|tablet&#8221; text_orientation=&#8221;center&#8221; background_layout=&#8221;dark&#8221; module_alignment=&#8221;right&#8221; custom_margin=&#8221;-55px|||||&#8221; custom_margin_tablet=&#8221;&#8221; custom_margin_phone=&#8221;&#8221; custom_margin_last_edited=&#8221;on|desktop&#8221; custom_padding=&#8221;||1px|||&#8221; animation_style=&#8221;slide&#8221; animation_direction=&#8221;top&#8221; hover_enabled=&#8221;0&#8243; transform_styles_tablet=&#8221;&#8221; transform_styles_phone=&#8221;&#8221; border_radii=&#8221;on|100%|100%|100%|100%&#8221; box_shadow_style=&#8221;preset1&#8243; box_shadow_blur=&#8221;60px&#8221; locked=&#8221;off&#8221;][et_pb_social_media_follow_network social_network=&#8221;facebook&#8221; _builder_version=&#8221;4.0.9&#8243; background_color=&#8221;#000000&#8243; custom_margin=&#8221;|10px||10px||true&#8221; custom_padding=&#8221;10px|10px|10px|10px|true|true&#8221; hover_enabled=&#8221;0&#8243; follow_button=&#8221;off&#8221; url_new_window=&#8221;on&#8221; url=&#8221;www.facebook.com\/ccphotographyboeckten&#8221;]facebook[\/et_pb_social_media_follow_network][et_pb_social_media_follow_network social_network=&#8221;instagram&#8221; _builder_version=&#8221;4.0.9&#8243; background_color=&#8221;#000000&#8243; custom_margin=&#8221;|10px||10px||true&#8221; custom_padding=&#8221;10px|10px|10px|10px|true|true&#8221; hover_enabled=&#8221;0&#8243; follow_button=&#8221;off&#8221; url_new_window=&#8221;on&#8221; url=&#8221;www.instagram.com\/cc_photography_boeckten&#8221;]instagram[\/et_pb_social_media_follow_network][\/et_pb_social_media_follow][\/et_pb_column][\/et_pb_row][\/et_pb_section][et_pb_section fb_built=&#8221;1&#8243; fullwidth=&#8221;on&#8221; _builder_version=&#8221;4.0.9&#8243;][et_pb_fullwidth_menu menu_id=&#8221;3&#8243; menu_style=&#8221;centered&#8221; submenu_direction=&#8221;upwards&#8221; fullwidth_menu=&#8221;on&#8221; active_link_color=&#8221;#000000&#8243; cart_icon_color=&#8221;#000000&#8243; search_icon_color=&#8221;#000000&#8243; menu_icon_color=&#8221;#000000&#8243; _builder_version=&#8221;4.0.9&#8243; menu_font=&#8221;Lato|300||on|||||&#8221; menu_letter_spacing=&#8221;1px&#8221; custom_margin=&#8221;||||false|false&#8221; custom_padding=&#8221;||||false|false&#8221;][\/et_pb_fullwidth_menu][\/et_pb_section]<\/p>\n","protected":false},"excerpt":{"rendered":"<p>[et_pb_section fb_built=&#8221;1&#8243; fullwidth=&#8221;on&#8221; _builder_version=&#8221;4.0.9&#8243;][et_pb_fullwidth_menu menu_style=&#8221;centered&#8221; submenu_direction=&#8221;downwards&#8221; fullwidth_menu=&#8221;on&#8221; dropdown_menu_bg_color=&#8221;#ffffff&#8221; dropdown_menu_line_color=&#8221;#e8d1d9&#8243; dropdown_menu_text_color=&#8221;#000000&#8243; dropdown_menu_active_link_color=&#8221;#000000&#8243; mobile_menu_bg_color=&#8221;#ffffff&#8221; mobile_menu_text_color=&#8221;#000000&#8243; logo=&#8221;https:\/\/ccphotography.ch\/home\/wp-content\/uploads\/2019\/12\/Logo_ccphotography.png&#8221; show_search_icon=&#8221;on&#8221; cart_icon_color=&#8221;#000000&#8243; search_icon_color=&#8221;#000000&#8243; menu_icon_color=&#8221;#000000&#8243; _builder_version=&#8221;4.0.9&#8243; menu_font=&#8221;Lato|300||on|||||&#8221; menu_text_color=&#8221;#000000&#8243; menu_font_size=&#8221;16px&#8221; menu_letter_spacing=&#8221;1px&#8221; custom_margin=&#8221;30px||||false|false&#8221;][\/et_pb_fullwidth_menu][\/et_pb_section][et_pb_section fb_built=&#8221;1&#8243; _builder_version=&#8221;4.0.9&#8243;][et_pb_row _builder_version=&#8221;4.0.9&#8243; custom_margin=&#8221;-15px|auto||auto||&#8221;][et_pb_column type=&#8221;4_4&#8243; _builder_version=&#8221;4.0.9&#8243;][et_pb_divider color=&#8221;#e2bcc3&#8243; _builder_version=&#8221;4.0.9&#8243;][\/et_pb_divider][et_pb_cta title=&#8221;Informationen&#8221; button_url=&#8221;https:\/\/ccphotography.ch\/home\/preise\/&#8221; button_text=&#8221;zu den preisen&#8221; _builder_version=&#8221;4.0.9&#8243; header_font=&#8221;Playfair Display||||||||&#8221; header_font_size=&#8221;44px&#8221; header_line_height=&#8221;1.5em&#8221; body_font=&#8221;Lato|300|||||||&#8221; body_font_size=&#8221;17px&#8221; body_line_height=&#8221;2em&#8221; use_background_color=&#8221;off&#8221; custom_button=&#8221;on&#8221; button_text_size=&#8221;17px&#8221; button_text_color=&#8221;#ffffff&#8221; button_bg_color=&#8221;#e8d1d9&#8243; button_border_width=&#8221;0px&#8221; button_border_color=&#8221;#e8d1d9&#8243; button_border_radius=&#8221;0px&#8221; button_letter_spacing=&#8221;2px&#8221; button_font=&#8221;Lato|||on|||||&#8221; [&hellip;]<\/p>\n","protected":false},"author":1,"featured_media":0,"parent":0,"menu_order":0,"comment_status":"closed","ping_status":"closed","template":"page-template-blank.php","meta":{"_et_pb_use_builder":"on","_et_pb_old_content":"","_et_gb_content_width":""},"_links":{"self":[{"href":"https:\/\/ccphotography.ch\/home\/wp-json\/wp\/v2\/pages\/68"}],"collection":[{"href":"https:\/\/ccphotography.ch\/home\/wp-json\/wp\/v2\/pages"}],"about":[{"href":"https:\/\/ccphotography.ch\/home\/wp-json\/wp\/v2\/types\/page"}],"author":[{"embeddable":true,"href":"https:\/\/ccphotography.ch\/home\/wp-json\/wp\/v2\/users\/1"}],"replies":[{"embeddable":true,"href":"https:\/\/ccphotography.ch\/home\/wp-json\/wp\/v2\/comments?post=68"}],"version-history":[{"count":7,"href":"https:\/\/ccphotography.ch\/home\/wp-json\/wp\/v2\/pages\/68\/revisions"}],"predecessor-version":[{"id":276,"href":"https:\/\/ccphotography.ch\/home\/wp-json\/wp\/v2\/pages\/68\/revisions\/276"}],"wp:attachment":[{"href":"https:\/\/ccphotography.ch\/home\/wp-json\/wp\/v2\/media?parent=68"}],"curies":[{"name":"wp","href":"https:\/\/api.w.org\/{rel}","templated":true}]}}